{"id":19,"date":"2019-10-07T15:14:27","date_gmt":"2019-10-07T13:14:27","guid":{"rendered":"http:\/\/chiropraxiehalle.be\/?page_id=19"},"modified":"2025-02-04T10:22:21","modified_gmt":"2025-02-04T09:22:21","slug":"chiropraxie-iets-voor-mij","status":"publish","type":"page","link":"http:\/\/chiropraxiehalle.be\/fr\/chiropraxie-iets-voor-mij\/","title":{"rendered":"Pour qui?"},"content":{"rendered":"<div class=\"wp-block-media-text has-media-on-the-right is-stacked-on-mobile is-vertically-aligned-center\"><div class=\"wp-block-media-text__content\">\n<p class=\"has-text-align-center has-black-color has-text-color has-link-color wp-elements-2fc1deacec9cf180e1edb4404e59001f\" style=\"font-size:20px\">Les patients de tous \u00e2ges peuvent consulter Chiropraxie Halle<\/p>\n\n\n\n<p class=\"has-text-align-center has-black-color has-text-color has-link-color wp-elements-ed676625a7e4ce0a654bc34d2580507b\" style=\"font-size:20px\"><span class=\"has-inline-color has-very-dark-gray-color\">Le chiropracteur traite principalement les douleurs musculaires et articulaires<\/span><\/p>\n<\/div><figure class=\"wp-block-media-text__media\"><img loading=\"lazy\" decoding=\"async\" width=\"1024\" height=\"683\" src=\"http:\/\/chiropraxiehalle.be\/wp-content\/uploads\/2024\/11\/website-9-1024x683.jpg\" alt=\"\" class=\"wp-image-388 size-full\" srcset=\"http:\/\/chiropraxiehalle.be\/wp-content\/uploads\/2024\/11\/website-9-1024x683.jpg 1024w, http:\/\/chiropraxiehalle.be\/wp-content\/uploads\/2024\/11\/website-9-300x200.jpg 300w, http:\/\/chiropraxiehalle.be\/wp-content\/uploads\/2024\/11\/website-9-768x512.jpg 768w, http:\/\/chiropraxiehalle.be\/wp-content\/uploads\/2024\/11\/website-9-1536x1025.jpg 1536w, http:\/\/chiropraxiehalle.be\/wp-content\/uploads\/2024\/11\/website-9-2048x1366.jpg 2048w, http:\/\/chiropraxiehalle.be\/wp-content\/uploads\/2024\/11\/website-9-1619x1080.jpg 1619w\" sizes=\"auto, (max-width: 1024px) 100vw, 1024px\" \/><\/figure><\/div>\n\n\n\n<div class=\"wp-block-media-text is-stacked-on-mobile\"><figure class=\"wp-block-media-text__media\"><img loading=\"lazy\" decoding=\"async\" width=\"1024\" height=\"683\" src=\"https:\/\/chiropraxiehalle.be\/wp-content\/uploads\/2024\/11\/foto-website-1-1024x683.jpg\" alt=\"\" class=\"wp-image-389 size-full\" srcset=\"http:\/\/chiropraxiehalle.be\/wp-content\/uploads\/2024\/11\/foto-website-1-1024x683.jpg 1024w, http:\/\/chiropraxiehalle.be\/wp-content\/uploads\/2024\/11\/foto-website-1-300x200.jpg 300w, http:\/\/chiropraxiehalle.be\/wp-content\/uploads\/2024\/11\/foto-website-1-768x512.jpg 768w, http:\/\/chiropraxiehalle.be\/wp-content\/uploads\/2024\/11\/foto-website-1-1536x1024.jpg 1536w, http:\/\/chiropraxiehalle.be\/wp-content\/uploads\/2024\/11\/foto-website-1-2048x1366.jpg 2048w, http:\/\/chiropraxiehalle.be\/wp-content\/uploads\/2024\/11\/foto-website-1-1620x1080.jpg 1620w\" sizes=\"auto, (max-width: 1024px) 100vw, 1024px\" \/><\/figure><div class=\"wp-block-media-text__content\">\n<p class=\"has-text-align-center has-black-color has-text-color has-link-color wp-elements-1038f8a1ccefafeb5873af851eaf5bb5\" style=\"font-size:24px\"><span class=\"has-inline-color has-very-dark-gray-color\">Les motifs de consultation les plus fr\u00e9quents chez un chiropraticien sont les suivants<\/span>:<\/p>\n\n\n\n<p class=\"has-text-align-center has-black-color has-text-color has-link-color wp-elements-d9a078556d07f43b63e86254a8d7e063\" style=\"letter-spacing:4px\"><strong>douleurs lombaires aigu\u00ebs et chroniques, douleurs cervicales, maux de t\u00eate, coup du lapin, sciatique, hernie discale, douleurs aux \u00e9paules et aux bras, tendinite, blessures sportives, douleurs dorsales li\u00e9es \u00e0 la grossesse<\/strong> <\/p>\n<\/div><\/div>\n\n\n\n<div class=\"wp-block-media-text has-media-on-the-right is-stacked-on-mobile\"><div class=\"wp-block-media-text__content\">\n<p><\/p>\n\n\n\n<p class=\"has-text-align-center has-black-color has-text-color has-link-color has-medium-font-size wp-elements-5810b9642ffd6a3ef87e8fbd3098ca76\"><span class=\"has-inline-color has-very-dark-gray-color\">Le chiropractor se concentre aussi sur la pr\u00e9vention des troubles de l\u2019appareil locomoteur, car <strong>mieux vaut pr\u00e9venir que gu\u00e9rir<\/strong>.<\/span><\/p>\n<\/div><figure class=\"wp-block-media-text__media\"><img loading=\"lazy\" decoding=\"async\" width=\"1024\" height=\"683\" src=\"https:\/\/chiropraxiehalle.be\/wp-content\/uploads\/2024\/11\/website7-1024x683.jpg\" alt=\"\" class=\"wp-image-394 size-full\" srcset=\"http:\/\/chiropraxiehalle.be\/wp-content\/uploads\/2024\/11\/website7-1024x683.jpg 1024w, http:\/\/chiropraxiehalle.be\/wp-content\/uploads\/2024\/11\/website7-300x200.jpg 300w, http:\/\/chiropraxiehalle.be\/wp-content\/uploads\/2024\/11\/website7-768x512.jpg 768w, http:\/\/chiropraxiehalle.be\/wp-content\/uploads\/2024\/11\/website7-1536x1025.jpg 1536w, http:\/\/chiropraxiehalle.be\/wp-content\/uploads\/2024\/11\/website7-2048x1366.jpg 2048w, http:\/\/chiropraxiehalle.be\/wp-content\/uploads\/2024\/11\/website7-1619x1080.jpg 1619w\" sizes=\"auto, (max-width: 1024px) 100vw, 1024px\" \/><\/figure><\/div>\n\n\n\n<p><\/p>","protected":false},"excerpt":{"rendered":"<p>Pati\u00ebnten van alle leeftijden kunnen terecht bij Chiropraxie Halle. De chiropractor behandelt voornamelijk spier- en gewrichtsklachten. De meest voorkomende klachten waarvoor pati\u00ebnten een chiropractor raadplegen zijn: acute en chronische lage rugpijn, nekpijn, hoofdpijn, whiplash, ischialgie\/sciatica, discushernia, schouder-en armklachten, peesontstekingen, sportblessures, zwangerschapsverwante rugklachten De chiropractor spendeert ook veel aandacht aan het voorkomen van aandoeningen aan het&hellip; <br \/> <a class=\"read-more\" href=\"http:\/\/chiropraxiehalle.be\/fr\/chiropraxie-iets-voor-mij\/\">Lire la suite<\/a><\/p>","protected":false},"author":1,"featured_media":0,"parent":0,"menu_order":0,"comment_status":"closed","ping_status":"closed","template":"","meta":{"footnotes":""},"class_list":["post-19","page","type-page","status-publish","hentry"],"_links":{"self":[{"href":"http:\/\/chiropraxiehalle.be\/fr\/wp-json\/wp\/v2\/pages\/19","targetHints":{"allow":["GET"]}}],"collection":[{"href":"http:\/\/chiropraxiehalle.be\/fr\/wp-json\/wp\/v2\/pages"}],"about":[{"href":"http:\/\/chiropraxiehalle.be\/fr\/wp-json\/wp\/v2\/types\/page"}],"author":[{"embeddable":true,"href":"http:\/\/chiropraxiehalle.be\/fr\/wp-json\/wp\/v2\/users\/1"}],"replies":[{"embeddable":true,"href":"http:\/\/chiropraxiehalle.be\/fr\/wp-json\/wp\/v2\/comments?post=19"}],"version-history":[{"count":16,"href":"http:\/\/chiropraxiehalle.be\/fr\/wp-json\/wp\/v2\/pages\/19\/revisions"}],"predecessor-version":[{"id":484,"href":"http:\/\/chiropraxiehalle.be\/fr\/wp-json\/wp\/v2\/pages\/19\/revisions\/484"}],"wp:attachment":[{"href":"http:\/\/chiropraxiehalle.be\/fr\/wp-json\/wp\/v2\/media?parent=19"}],"curies":[{"name":"wp","href":"https:\/\/api.w.org\/{rel}","templated":true}]}}