{"id":25,"date":"2019-10-07T15:27:30","date_gmt":"2019-10-07T13:27:30","guid":{"rendered":"http:\/\/chiropraxiehalle.be\/index.php\/mesmerize\/"},"modified":"2025-05-07T08:59:15","modified_gmt":"2025-05-07T06:59:15","slug":"mesmerize","status":"publish","type":"page","link":"http:\/\/chiropraxiehalle.be\/fr\/","title":{"rendered":"Front Page"},"content":{"rendered":"<div  data-label=\"Overlappable\" data-id=\"overlappable--1\" data-export-id=\"overlappable-4\" data-category=\"overlappable\" class=\"overlappable-4 content-section content-section-spacing\" data-overlap=\"true\" id=\"overlappable-1\" style=\"background-color: rgb(255, 255, 255);\"><div  class=\"gridContainer\"> <div  data-type=\"row\" class=\"row spaced-cols text-center\"><div  class=\"col-xs-12 col-sm-4 col-padding\"> <i  class=\"fa icon shadow-large-black aligncenter color1 fa-check reverse round big\"><\/i> <div  data-type=\"column\" class=\"\"> <h5  class=\"\">Pas de pr\u00e9scription n\u00e9cessaire du m\u00e9dcin g\u00e9n\u00e9raliste<\/h5> <\/div> <\/div> <div  class=\"col-xs-12 col-sm-4 col-padding\"> <i  class=\"fa icon shadow-large-black aligncenter color1 fa-check reverse round big\"><\/i> <div  data-type=\"column\" class=\"\"><h5  class=\"\">Remboursement partielle par les mutualit\u00e9s<\/h5> <\/div> <\/div> <div  class=\"col-xs-12 col-sm-4 col-padding\"> <i  class=\"fa icon shadow-large-black aligncenter color1 fa-check reverse round big\"><\/i> <div  data-type=\"column\" class=\"\"><h5  class=\"\">Consultation sur rendez-vous seulement<\/h5> <\/div> <\/div><\/div> <\/div><\/div><div  data-label=\"Features\" data-id=\"features--1\" data-export-id=\"features-16\" data-category=\"features\" class=\"features-16 content-section content-section-spacing\" id=\"features-4\" style=\"background-color: rgb(255, 255, 255);\"><div  class=\"gridContainer\"> <div  class=\"row text-center\"><div  class=\"section-title-col\" data-type=\"column\"> <h2  class=\"\">Tout le monde est bienvenue chez Chiropraxie Hal!<\/h2> <p  class=\"lead\">La chiropraxie convient aux personnes de tous \u00e2ges&nbsp;<\/p><\/div> <\/div> <div  class=\"row spaced-cols\" data-type=\"row\"> <div  class=\"col-xs-12 col-sm-6 col-md-4 space-bottom\"> <img  decoding=\"async\" class=\"face\" src=\"http:\/\/chiropraxiehalle.be\/wp-content\/uploads\/2025\/05\/2F5A9990-cropped-scaled.jpg\" alt=\"\" title=\"2F5A9990 cropped\"> <div  data-type=\"column\" class=\"col-padding-small col-padding-small-xs description-container\">   <\/div> <\/div> <div  class=\"col-xs-12 col-sm-6 col-md-4 space-bottom\"> <img  decoding=\"async\" class=\"face\" src=\"http:\/\/chiropraxiehalle.be\/wp-content\/uploads\/2025\/05\/2F5A0036-cropped-scaled.jpg\" alt=\"\" title=\"2F5A0036 cropped\"> <div  data-type=\"column\" class=\"col-padding-small col-padding-small-xs description-container\">   <\/div> <\/div> <div  class=\"col-xs-12 col-sm-6 col-md-4 space-bottom\"> <img  decoding=\"async\" class=\"face\" src=\"http:\/\/chiropraxiehalle.be\/wp-content\/uploads\/2025\/05\/2F5A9730cropped-scaled.jpg\" alt=\"\" title=\"2F5A9730cropped\"> <div  data-type=\"column\" class=\"col-padding-small col-padding-small-xs description-container\">   <\/div> <\/div><\/div> <\/div><\/div><div  data-label=\"Cta\" data-id=\"cta--1\" data-export-id=\"cta-blue-section\" data-category=\"cta\" class=\"cta-blue-section content-section content-section-spacing-medium bg-color1 white-text\" id=\"cta-1\"><div  class=\"gridContainer\"> <div  class=\"row middle-xs\"><div  class=\"col-sm-8 space-bottom-xs\" data-type=\"column\"> <h2  class=\"\">Wilt u een afspraak maken bij ons?<\/h2> <\/div> <div  class=\"col-sm-4 end-sm\" data-type=\"column\"> <a class=\"button color2\" href=\"\/\/rosa.be\/nl\/org\/chiropraxie-halle\" target=\"_blank\" data-cp-link=\"1\" rel=\"noopener\">KLIK HIER<\/a><\/div> <\/div><\/div> <\/div>","protected":false},"excerpt":{"rendered":"<p>Geen doorverwijzing nodig van de huisarts Gedeeltelijke terugbetaling via uw mutualiteit Raadpleging enkel op afspraak Iedereen is welkom bij Chiropraxie Halle! Chiropraxie is geschikt voor mensen van alle leeftijden&nbsp; Wilt u een afspraak maken bij ons? KLIK HIER<\/p>","protected":false},"author":1,"featured_media":0,"parent":0,"menu_order":0,"comment_status":"closed","ping_status":"closed","template":"page-templates\/homepage.php","meta":{"footnotes":""},"class_list":["post-25","page","type-page","status-publish","hentry"],"_links":{"self":[{"href":"http:\/\/chiropraxiehalle.be\/fr\/wp-json\/wp\/v2\/pages\/25","targetHints":{"allow":["GET"]}}],"collection":[{"href":"http:\/\/chiropraxiehalle.be\/fr\/wp-json\/wp\/v2\/pages"}],"about":[{"href":"http:\/\/chiropraxiehalle.be\/fr\/wp-json\/wp\/v2\/types\/page"}],"author":[{"embeddable":true,"href":"http:\/\/chiropraxiehalle.be\/fr\/wp-json\/wp\/v2\/users\/1"}],"replies":[{"embeddable":true,"href":"http:\/\/chiropraxiehalle.be\/fr\/wp-json\/wp\/v2\/comments?post=25"}],"version-history":[{"count":27,"href":"http:\/\/chiropraxiehalle.be\/fr\/wp-json\/wp\/v2\/pages\/25\/revisions"}],"predecessor-version":[{"id":548,"href":"http:\/\/chiropraxiehalle.be\/fr\/wp-json\/wp\/v2\/pages\/25\/revisions\/548"}],"wp:attachment":[{"href":"http:\/\/chiropraxiehalle.be\/fr\/wp-json\/wp\/v2\/media?parent=25"}],"curies":[{"name":"wp","href":"https:\/\/api.w.org\/{rel}","templated":true}]}}