{"id":14,"date":"2019-10-07T15:09:34","date_gmt":"2019-10-07T13:09:34","guid":{"rendered":"http:\/\/chiropraxiehalle.be\/?page_id=14"},"modified":"2025-03-03T21:46:19","modified_gmt":"2025-03-03T20:46:19","slug":"wat-is-chiropraxie","status":"publish","type":"page","link":"https:\/\/chiropraxiehalle.be\/fr\/wat-is-chiropraxie\/","title":{"rendered":"Chiropraxie"},"content":{"rendered":"<div class=\"wp-block-media-text is-stacked-on-mobile\" style=\"grid-template-columns:40% auto\"><figure class=\"wp-block-media-text__media\"><img loading=\"lazy\" decoding=\"async\" width=\"1024\" height=\"946\" src=\"https:\/\/chiropraxiehalle.be\/wp-content\/uploads\/2025\/02\/cropped-1024x946.jpg\" alt=\"\" class=\"wp-image-476 size-full\" srcset=\"https:\/\/chiropraxiehalle.be\/wp-content\/uploads\/2025\/02\/cropped-1024x946.jpg 1024w, https:\/\/chiropraxiehalle.be\/wp-content\/uploads\/2025\/02\/cropped-300x277.jpg 300w, https:\/\/chiropraxiehalle.be\/wp-content\/uploads\/2025\/02\/cropped-768x709.jpg 768w, https:\/\/chiropraxiehalle.be\/wp-content\/uploads\/2025\/02\/cropped-1536x1418.jpg 1536w, https:\/\/chiropraxiehalle.be\/wp-content\/uploads\/2025\/02\/cropped-2048x1891.jpg 2048w, https:\/\/chiropraxiehalle.be\/wp-content\/uploads\/2025\/02\/cropped-1170x1080.jpg 1170w\" sizes=\"auto, (max-width: 1024px) 100vw, 1024px\" \/><\/figure><div class=\"wp-block-media-text__content\">\n<p class=\"has-text-align-center has-black-color has-text-color has-link-color has-medium-font-size wp-elements-ed3a76a4f8d0b522e078479bdba7f143\"><span class=\"has-inline-color has-very-dark-gray-color\">Le chiropracteur est un professionnel de sant\u00e9 qui diagnostique, pr\u00e9vient et prend en charge les troubles neuro-musculo-squelettiques de l'appareil locomoteur du corps humain ainsi que leurs cons\u00e9quences.<\/span><\/p>\n<\/div><\/div>\n\n\n\n<div class=\"wp-block-media-text has-media-on-the-right is-stacked-on-mobile\" style=\"grid-template-columns:auto 40%\"><div class=\"wp-block-media-text__content\">\n<p class=\"has-text-align-center has-black-color has-text-color has-link-color has-medium-font-size wp-elements-8353e020e9b3e8303aaa4b6ee2830fda\"><span class=\"has-inline-color has-very-dark-gray-color\">La chiropraxie est une m\u00e9thode naturelle, pr\u00e9ventive autant que curative. Pour faire un diagnostic, le chiropracteur prend en compte tout le corps, le mode de vie et le psych\u00e9 du patient. <\/span><span style=\"color:#080808\" class=\"has-inline-color\">L'accent est mis sur l'optimalisation du function du corps.<\/span><\/p>\n<\/div><figure class=\"wp-block-media-text__media\"><img loading=\"lazy\" decoding=\"async\" width=\"1024\" height=\"729\" src=\"http:\/\/chiropraxiehalle.be\/wp-content\/uploads\/2024\/11\/cropped-website-4-scaled-2-1024x729.jpg\" alt=\"\" class=\"wp-image-356 size-full\" srcset=\"https:\/\/chiropraxiehalle.be\/wp-content\/uploads\/2024\/11\/cropped-website-4-scaled-2-1024x729.jpg 1024w, https:\/\/chiropraxiehalle.be\/wp-content\/uploads\/2024\/11\/cropped-website-4-scaled-2-300x214.jpg 300w, https:\/\/chiropraxiehalle.be\/wp-content\/uploads\/2024\/11\/cropped-website-4-scaled-2-768x547.jpg 768w, https:\/\/chiropraxiehalle.be\/wp-content\/uploads\/2024\/11\/cropped-website-4-scaled-2-1536x1094.jpg 1536w, https:\/\/chiropraxiehalle.be\/wp-content\/uploads\/2024\/11\/cropped-website-4-scaled-2-2048x1459.jpg 2048w, https:\/\/chiropraxiehalle.be\/wp-content\/uploads\/2024\/11\/cropped-website-4-scaled-2-1516x1080.jpg 1516w\" sizes=\"auto, (max-width: 1024px) 100vw, 1024px\" \/><\/figure><\/div>\n\n\n\n<div class=\"wp-block-media-text is-stacked-on-mobile\" style=\"grid-template-columns:40% auto\"><figure class=\"wp-block-media-text__media\"><img loading=\"lazy\" decoding=\"async\" width=\"1024\" height=\"874\" src=\"http:\/\/chiropraxiehalle.be\/wp-content\/uploads\/2025\/02\/2F5A0072cropped-1024x874.jpg\" alt=\"\" class=\"wp-image-474 size-full\" srcset=\"https:\/\/chiropraxiehalle.be\/wp-content\/uploads\/2025\/02\/2F5A0072cropped-1024x874.jpg 1024w, https:\/\/chiropraxiehalle.be\/wp-content\/uploads\/2025\/02\/2F5A0072cropped-300x256.jpg 300w, https:\/\/chiropraxiehalle.be\/wp-content\/uploads\/2025\/02\/2F5A0072cropped-768x656.jpg 768w, https:\/\/chiropraxiehalle.be\/wp-content\/uploads\/2025\/02\/2F5A0072cropped-1536x1312.jpg 1536w\" sizes=\"auto, (max-width: 1024px) 100vw, 1024px\" \/><\/figure><div class=\"wp-block-media-text__content\">\n<p class=\"has-text-align-center has-black-color has-text-color has-link-color has-medium-font-size wp-elements-27d00eac6b6bdfdc4e3688d167191311\">La base du traitement est le manipulation chiropractique dus colonne vert\u00e9brale et les articulations. Ceux-ci consistent des mouvements rapides, courts et pr\u00e9cis qui vont g\u00e9n\u00e9ralement sans douleur. La th\u00e9rapie par point de pression fait \u00e9galement partie du traitement<\/p>\n\n\n\n<p class=\"has-text-align-center has-black-color has-text-color has-link-color has-medium-font-size wp-elements-167633446961e1c5f3d4161dd26b856f\">Gr\u00e2ce aux manipulations, les troubles du mouvement et le fonctionnement du syst\u00e8me nerveux dans le corps sont restaur\u00e9s. La chiropraxie optimise la communication entre le cerveau et le corps<\/p>\n<\/div><\/div>\n\n\n<p><!--EndFragment--><\/p>\n<\/p>\n<p><!--StartFragment--><\/p>\n\n\n<p><br><\/p>\n\n\n\n<div class=\"wp-block-media-text is-stacked-on-mobile\" style=\"grid-template-columns:41% auto\"><figure class=\"wp-block-media-text__media\"><\/figure><div class=\"wp-block-media-text__content\">\n<p><\/p>\n<\/div><\/div>","protected":false},"excerpt":{"rendered":"<p>De chiropractor is een neuromusculoskeletale specialist. Chiropraxie is een volledig natuurlijke genezingswijze die zich specialiseert in de diagnose, behandeling en preventie van aandoeningen van het bewegingsapparaat, voornamelijk de stoornissen van de wervelkolom. Het is een behandelingswijze die focust op de oorzaak van het probleem en niet enkel de symptomen. Om de diagnose te maken wordt&hellip; <br \/> <a class=\"read-more\" href=\"https:\/\/chiropraxiehalle.be\/fr\/wat-is-chiropraxie\/\">Lire la suite<\/a><\/p>","protected":false},"author":1,"featured_media":0,"parent":0,"menu_order":0,"comment_status":"closed","ping_status":"closed","template":"","meta":{"footnotes":""},"class_list":["post-14","page","type-page","status-publish","hentry"],"_links":{"self":[{"href":"https:\/\/chiropraxiehalle.be\/fr\/wp-json\/wp\/v2\/pages\/14","targetHints":{"allow":["GET"]}}],"collection":[{"href":"https:\/\/chiropraxiehalle.be\/fr\/wp-json\/wp\/v2\/pages"}],"about":[{"href":"https:\/\/chiropraxiehalle.be\/fr\/wp-json\/wp\/v2\/types\/page"}],"author":[{"embeddable":true,"href":"https:\/\/chiropraxiehalle.be\/fr\/wp-json\/wp\/v2\/users\/1"}],"replies":[{"embeddable":true,"href":"https:\/\/chiropraxiehalle.be\/fr\/wp-json\/wp\/v2\/comments?post=14"}],"version-history":[{"count":16,"href":"https:\/\/chiropraxiehalle.be\/fr\/wp-json\/wp\/v2\/pages\/14\/revisions"}],"predecessor-version":[{"id":496,"href":"https:\/\/chiropraxiehalle.be\/fr\/wp-json\/wp\/v2\/pages\/14\/revisions\/496"}],"wp:attachment":[{"href":"https:\/\/chiropraxiehalle.be\/fr\/wp-json\/wp\/v2\/media?parent=14"}],"curies":[{"name":"wp","href":"https:\/\/api.w.org\/{rel}","templated":true}]}}