{"id":16,"date":"2019-10-07T15:11:47","date_gmt":"2019-10-07T13:11:47","guid":{"rendered":"http:\/\/chiropraxiehalle.be\/?page_id=16"},"modified":"2025-02-04T10:28:24","modified_gmt":"2025-02-04T09:28:24","slug":"de-consultatie","status":"publish","type":"page","link":"https:\/\/chiropraxiehalle.be\/fr\/de-consultatie\/","title":{"rendered":"La consultation"},"content":{"rendered":"<h2 class=\"wp-block-heading has-text-align-center\"><span class=\"has-inline-color has-very-dark-gray-color\">Une consultation chiropratique se d\u00e9roule en trois \u00e9tapes<\/span> <\/h2>\n\n\n\n<p><span class=\"has-inline-color has-very-dark-gray-color\">     <\/span><\/p>\n\n\n\n<div class=\"wp-block-media-text has-media-on-the-right is-stacked-on-mobile\"><div class=\"wp-block-media-text__content\">\n<p class=\"has-text-align-center\" style=\"font-size:25px;letter-spacing:4px;text-transform:uppercase\"><span style=\"color:#0b0b0b\" class=\"has-inline-color\"><strong>D\u00e9tection<\/strong><\/span><\/p>\n\n\n\n<p class=\"has-text-align-center has-medium-font-size\"><span style=\"color:#0b0b0b\" class=\"has-inline-color\">Le chiropraticien commencera par vous interroger sur votre \u00e9tat de sant\u00e9 g\u00e9n\u00e9ral, vos ant\u00e9c\u00e9dents m\u00e9dicaux et le motif de votre consultation. Nous rechercherons ensuite la cause de votre probl\u00e8me <\/span><\/p>\n\n\n\n<p class=\"has-text-align-center has-medium-font-size\"><span style=\"color:#0b0b0b\" class=\"has-inline-color\">Apr\u00e8s un examen physique, qui se focalise sur les muscles, articulations et le syst\u00e8me nerveux (nous testons la colonne vert\u00e9brale, syst\u00e8me locomoteur et sensoriel, r\u00e9flexes, \u00e9quilibre,...) le chiropracteur peut \u00e9tablir une connexion et d\u00e9terminer la cause de la plainte. Apr\u00e8s il d\u00e9finit son plan de traitement pour l'am\u00e9lioration de votre \u00e9tat<\/span><\/p>\n<\/div><figure class=\"wp-block-media-text__media\"><img decoding=\"async\" src=\"http:\/\/chiropraxiehalle.be\/wp-content\/uploads\/2024\/10\/cropped-2F5A0004.jpg\" alt=\"\" class=\"wp-image-351 size-full\"\/><\/figure><\/div>\n\n\n\n<div class=\"wp-block-media-text is-stacked-on-mobile\"><figure class=\"wp-block-media-text__media\"><img loading=\"lazy\" decoding=\"async\" width=\"1024\" height=\"683\" src=\"http:\/\/chiropraxiehalle.be\/wp-content\/uploads\/2024\/11\/website-6-1024x683.jpg\" alt=\"\" class=\"wp-image-380 size-full\" srcset=\"https:\/\/chiropraxiehalle.be\/wp-content\/uploads\/2024\/11\/website-6-1024x683.jpg 1024w, https:\/\/chiropraxiehalle.be\/wp-content\/uploads\/2024\/11\/website-6-300x200.jpg 300w, https:\/\/chiropraxiehalle.be\/wp-content\/uploads\/2024\/11\/website-6-768x512.jpg 768w, https:\/\/chiropraxiehalle.be\/wp-content\/uploads\/2024\/11\/website-6-1536x1025.jpg 1536w, https:\/\/chiropraxiehalle.be\/wp-content\/uploads\/2024\/11\/website-6-2048x1366.jpg 2048w, https:\/\/chiropraxiehalle.be\/wp-content\/uploads\/2024\/11\/website-6-1619x1080.jpg 1619w\" sizes=\"auto, (max-width: 1024px) 100vw, 1024px\" \/><\/figure><div class=\"wp-block-media-text__content\">\n<p class=\"has-text-align-center\" style=\"font-size:25px;letter-spacing:4px;text-transform:uppercase\"><span style=\"color:#0b0b0b\" class=\"has-inline-color\"><strong>Correction<\/strong><\/span><\/p>\n\n\n\n<p class=\"has-text-align-center has-medium-font-size\"><span style=\"color:#0b0b0b\" class=\"has-inline-color\">Lors de votre premi\u00e8re consultation, le chiropracteur vous traitera en fonction des probl\u00e8mes pour lesquels vous avez consult\u00e9. Le traitement comprend <a href=\"http:\/\/chiropraxiehalle.be\/fr\/wat-is-chiropraxie\/\" target=\"_blank\" rel=\"noreferrer noopener\">des manipulations chiropractiques<\/a> et des technique myofasciales.<\/span><\/p>\n<\/div><\/div>\n\n\n\n<div class=\"wp-block-media-text has-media-on-the-right is-stacked-on-mobile\"><div class=\"wp-block-media-text__content\">\n<p class=\"has-text-align-center\" style=\"font-size:25px;letter-spacing:4px;text-transform:uppercase\"><span style=\"color:#0b0b0b\" class=\"has-inline-color\"><strong>Pr\u00e9vention<\/strong><\/span><\/p>\n\n\n\n<p class=\"has-text-align-center has-medium-font-size\"><span style=\"color:#0b0b0b\" class=\"has-inline-color\">le chiropracteur peut vous donner des conseils sur des facteurs externes qui peuvent avoir un effet sur vos plaintes comme votre posture, mouvement, nutrition, mode de vie,... afin de traiter votre plainte dans son int\u00e9gralit\u00e9<\/span><\/p>\n<\/div><figure class=\"wp-block-media-text__media\"><img decoding=\"async\" src=\"http:\/\/chiropraxiehalle.be\/wp-content\/uploads\/2024\/10\/cropped-2F5A9964.jpg\" alt=\"\" class=\"wp-image-350 size-full\"\/><\/figure><\/div>\n\n\n\n<p class=\"has-medium-font-size\"><\/p>\n\n\n\n<p class=\"has-medium-font-size\"><span class=\"has-inline-color has-very-dark-gray-color\">Lorsque la situation l'exige, le chiropracteur peut vous orienter vers votre m\u00e9decin g\u00e9n\u00e9raliste ou \u00e0 un autre prestataire de soins de sant\u00e9.<\/span><\/p>\n\n\n\n<p class=\"has-medium-font-size\"><span class=\"has-inline-color has-very-dark-gray-color\">La chiropraxie est partiellement rembours\u00e9e par les mutualit\u00e9s et les assurances priv\u00e9es. Cela ne n\u00e9cessite aucune prescription du m\u00e9decin g\u00e9n\u00e9raliste.<\/span> <a rel=\"noreferrer noopener\" href=\"https:\/\/www.chiropraxie.org\/fr\/members\/mut\/\" target=\"_blank\">Cliquez i\u00e7i pour plus d'info.<\/a><\/p>\n\n\n\n<p><\/p>","protected":false},"excerpt":{"rendered":"<p>De eerste consultatie bij de chiropractor bestaat uit 3 delen Detectie De chiropractor begint met een vraaggesprek over uw algemene gezondheid, medische voorgeschiedenis en de reden voor uw bezoek. We gaan op zoek naar de oorzaak van uw probleem. Na een lichamelijk onderzoek waarbij we ons focussen op spieren, gewrichten en het zenuwstelsel (we testen&hellip; <br \/> <a class=\"read-more\" href=\"https:\/\/chiropraxiehalle.be\/fr\/de-consultatie\/\">Lire la suite<\/a><\/p>","protected":false},"author":1,"featured_media":0,"parent":0,"menu_order":0,"comment_status":"closed","ping_status":"closed","template":"","meta":{"footnotes":""},"class_list":["post-16","page","type-page","status-publish","hentry"],"_links":{"self":[{"href":"https:\/\/chiropraxiehalle.be\/fr\/wp-json\/wp\/v2\/pages\/16","targetHints":{"allow":["GET"]}}],"collection":[{"href":"https:\/\/chiropraxiehalle.be\/fr\/wp-json\/wp\/v2\/pages"}],"about":[{"href":"https:\/\/chiropraxiehalle.be\/fr\/wp-json\/wp\/v2\/types\/page"}],"author":[{"embeddable":true,"href":"https:\/\/chiropraxiehalle.be\/fr\/wp-json\/wp\/v2\/users\/1"}],"replies":[{"embeddable":true,"href":"https:\/\/chiropraxiehalle.be\/fr\/wp-json\/wp\/v2\/comments?post=16"}],"version-history":[{"count":28,"href":"https:\/\/chiropraxiehalle.be\/fr\/wp-json\/wp\/v2\/pages\/16\/revisions"}],"predecessor-version":[{"id":491,"href":"https:\/\/chiropraxiehalle.be\/fr\/wp-json\/wp\/v2\/pages\/16\/revisions\/491"}],"wp:attachment":[{"href":"https:\/\/chiropraxiehalle.be\/fr\/wp-json\/wp\/v2\/media?parent=16"}],"curies":[{"name":"wp","href":"https:\/\/api.w.org\/{rel}","templated":true}]}}