{"id":21,"date":"2019-10-07T15:17:08","date_gmt":"2019-10-07T13:17:08","guid":{"rendered":"http:\/\/chiropraxiehalle.be\/?page_id=21"},"modified":"2025-12-02T09:34:00","modified_gmt":"2025-12-02T08:34:00","slug":"het-team","status":"publish","type":"page","link":"https:\/\/chiropraxiehalle.be\/fr\/het-team\/","title":{"rendered":"L'\u00e9quipe"},"content":{"rendered":"<p class=\"has-medium-font-size\"><span style=\"color:#070707\" class=\"has-inline-color\">Les \u00e9tudes de chiropraxie consistent en une formation universitaire \u00e0 plein temps de cinq ann\u00e9es acad\u00e9miques qui peut \u00eatre suivi en Am\u00e9rique et quelques universit\u00e9s en Europe. <\/span><\/p>\n\n\n\n<p><\/p>\n\n\n\n<div class=\"wp-block-media-text alignwide has-media-on-the-right is-image-fill-element is-stacked-on-mobile has-black-color has-text-color has-link-color wp-elements-e2d17efcb1bb1673a547a85613d3a6af\" style=\"grid-template-columns:auto 31%\"><div class=\"wp-block-media-text__content\">\n<p><\/p>\n\n\n\n<ul class=\"wp-block-list\">\n<li class=\"has-medium-font-size\"><span class=\"has-inline-color has-very-dark-gray-color\">Victorine Ghyselings<\/span><\/li>\n\n\n\n<li class=\"has-medium-font-size\"><span class=\"has-inline-color has-very-dark-gray-color\">Dipl\u00f4m\u00e9 de<\/span> <a href=\"https:\/\/www.aecc.ac.uk\/\" target=\"_blank\" rel=\"noreferrer noopener\">Anglo-European College of Chiropratic<\/a><\/li>\n\n\n\n<li class=\"has-medium-font-size\"><span class=\"has-inline-color has-very-dark-gray-color\">Dipl\u00f4m\u00e9 de<\/span> <a href=\"https:\/\/i-a-v-c.com\/en\/\" target=\"_blank\" rel=\"noreferrer noopener\">International Academy of Veterinary Chiropractic<\/a><\/li>\n\n\n\n<li class=\"has-medium-font-size\"><span class=\"has-inline-color has-very-dark-gray-color\">Chiropracteur pour les humains et les animaux <\/span><\/li>\n\n\n\n<li class=\"has-medium-font-size\"><span class=\"has-inline-color has-very-dark-gray-color\">Membre de<\/span> <a href=\"https:\/\/www.chiropraxie.org\/fr\/bienvenue\/\" target=\"_blank\" rel=\"noreferrer noopener\">l'Union Belge des Chiropracteurs<\/a><\/li>\n\n\n\n<li class=\"has-medium-font-size\">Victorine fait une pause jusqu'en septembre 2026 pour la naissance de son deuxi\u00e8me fils<\/li>\n<\/ul>\n\n\n\n<p><\/p>\n<\/div><figure class=\"wp-block-media-text__media\"><img loading=\"lazy\" decoding=\"async\" width=\"1024\" height=\"922\" src=\"https:\/\/chiropraxiehalle.be\/wp-content\/uploads\/2025\/02\/2F5A9928cropped-1-1024x922.jpg\" alt=\"\" class=\"wp-image-450 size-full\" style=\"object-position:50% 50%\" srcset=\"https:\/\/chiropraxiehalle.be\/wp-content\/uploads\/2025\/02\/2F5A9928cropped-1-1024x922.jpg 1024w, https:\/\/chiropraxiehalle.be\/wp-content\/uploads\/2025\/02\/2F5A9928cropped-1-300x270.jpg 300w, https:\/\/chiropraxiehalle.be\/wp-content\/uploads\/2025\/02\/2F5A9928cropped-1-768x691.jpg 768w, https:\/\/chiropraxiehalle.be\/wp-content\/uploads\/2025\/02\/2F5A9928cropped-1-1536x1382.jpg 1536w, https:\/\/chiropraxiehalle.be\/wp-content\/uploads\/2025\/02\/2F5A9928cropped-1-2048x1843.jpg 2048w, https:\/\/chiropraxiehalle.be\/wp-content\/uploads\/2025\/02\/2F5A9928cropped-1-1200x1080.jpg 1200w\" sizes=\"auto, (max-width: 1024px) 100vw, 1024px\" \/><\/figure><\/div>\n\n\n\n<div class=\"wp-block-media-text is-stacked-on-mobile has-black-color has-text-color has-link-color wp-elements-43cc41eddaa5e19bc5a466bdd812fbb7\" style=\"grid-template-columns:33% auto\"><figure class=\"wp-block-media-text__media\"><img loading=\"lazy\" decoding=\"async\" width=\"1024\" height=\"989\" src=\"http:\/\/chiropraxiehalle.be\/wp-content\/uploads\/2025\/02\/2F5A9902cropped-1024x989.jpg\" alt=\"\" class=\"wp-image-452 size-full\" srcset=\"https:\/\/chiropraxiehalle.be\/wp-content\/uploads\/2025\/02\/2F5A9902cropped-1024x989.jpg 1024w, https:\/\/chiropraxiehalle.be\/wp-content\/uploads\/2025\/02\/2F5A9902cropped-300x290.jpg 300w, https:\/\/chiropraxiehalle.be\/wp-content\/uploads\/2025\/02\/2F5A9902cropped-768x742.jpg 768w, https:\/\/chiropraxiehalle.be\/wp-content\/uploads\/2025\/02\/2F5A9902cropped-1536x1484.jpg 1536w, https:\/\/chiropraxiehalle.be\/wp-content\/uploads\/2025\/02\/2F5A9902cropped-2048x1978.jpg 2048w, https:\/\/chiropraxiehalle.be\/wp-content\/uploads\/2025\/02\/2F5A9902cropped-1118x1080.jpg 1118w\" sizes=\"auto, (max-width: 1024px) 100vw, 1024px\" \/><\/figure><div class=\"wp-block-media-text__content\">\n<p><\/p>\n\n\n\n<ul class=\"wp-block-list\">\n<li class=\"has-medium-font-size\">Emile Lammens<\/li>\n\n\n\n<li class=\"has-medium-font-size\">Dipl\u00f4m\u00e9e en physioth\u00e9rapie de l'Universit\u00e9 de Gand <\/li>\n\n\n\n<li class=\"has-medium-font-size\">Dipl\u00f4m\u00e9 de <a href=\"https:\/\/www.ifec.net\/\">Institut Franco-Europ\u00e9en de Chiropraxie<\/a><\/li>\n\n\n\n<li class=\"has-medium-font-size\">Membre de <a href=\"https:\/\/www.chiro-praxie.be\/\">l'Union Belge des Chiropracteurs<\/a><\/li>\n<\/ul>\n\n\n\n<p class=\"has-medium-font-size\"><\/p>\n<\/div><\/div>\n\n\n\n<div class=\"wp-block-media-text alignwide has-media-on-the-right is-image-fill-element is-stacked-on-mobile has-black-color has-text-color has-link-color wp-elements-5ce6d2e5f5849c73656dda8e5cd78b63\" style=\"grid-template-columns:auto 31%\"><div class=\"wp-block-media-text__content\">\n<p><\/p>\n\n\n\n<ul class=\"wp-block-list\">\n<li class=\"has-medium-font-size\"><span class=\"has-inline-color has-very-dark-gray-color\">Carina Pittomvils<\/span><\/li>\n\n\n\n<li class=\"has-medium-font-size\"><span class=\"has-inline-color has-very-dark-gray-color\">Dipl\u00f4m\u00e9 de<\/span> <a href=\"https:\/\/www.aecc.ac.uk\/\" target=\"_blank\" rel=\"noreferrer noopener\">Anglo-European College of Chiropratic<\/a><\/li>\n\n\n\n<li class=\"has-medium-font-size\"><span class=\"has-inline-color has-very-dark-gray-color\">Membre de<\/span> <a href=\"https:\/\/www.chiropraxie.org\/fr\/bienvenue\/\" target=\"_blank\" rel=\"noreferrer noopener\">l'Union Belge des Chiropracteurs<\/a><\/li>\n<\/ul>\n\n\n\n<p><\/p>\n<\/div><figure class=\"wp-block-media-text__media\"><img loading=\"lazy\" decoding=\"async\" width=\"1024\" height=\"890\" src=\"https:\/\/chiropraxiehalle.be\/wp-content\/uploads\/2025\/02\/2F5A9884cropped-1024x890.jpg\" alt=\"\" class=\"wp-image-454 size-full\" style=\"object-position:50% 50%\" srcset=\"https:\/\/chiropraxiehalle.be\/wp-content\/uploads\/2025\/02\/2F5A9884cropped-1024x890.jpg 1024w, https:\/\/chiropraxiehalle.be\/wp-content\/uploads\/2025\/02\/2F5A9884cropped-300x261.jpg 300w, https:\/\/chiropraxiehalle.be\/wp-content\/uploads\/2025\/02\/2F5A9884cropped-768x668.jpg 768w, https:\/\/chiropraxiehalle.be\/wp-content\/uploads\/2025\/02\/2F5A9884cropped-1536x1336.jpg 1536w, https:\/\/chiropraxiehalle.be\/wp-content\/uploads\/2025\/02\/2F5A9884cropped-2048x1781.jpg 2048w, https:\/\/chiropraxiehalle.be\/wp-content\/uploads\/2025\/02\/2F5A9884cropped-1242x1080.jpg 1242w\" sizes=\"auto, (max-width: 1024px) 100vw, 1024px\" \/><\/figure><\/div>\n\n\n\n<div class=\"wp-block-media-text alignwide is-image-fill-element is-stacked-on-mobile has-black-color has-text-color has-link-color wp-elements-d3812f94287ee39a5e2a60d8024d6aac\" style=\"grid-template-columns:31% auto\"><figure class=\"wp-block-media-text__media\"><img loading=\"lazy\" decoding=\"async\" width=\"828\" height=\"601\" src=\"http:\/\/chiropraxiehalle.be\/wp-content\/uploads\/2022\/09\/WhatsApp-Image-2022-09-07-at-9.06.40-AM-2.jpeg\" alt=\"\" class=\"wp-image-336 size-full\" style=\"object-position:50% 50%\" srcset=\"https:\/\/chiropraxiehalle.be\/wp-content\/uploads\/2022\/09\/WhatsApp-Image-2022-09-07-at-9.06.40-AM-2.jpeg 828w, https:\/\/chiropraxiehalle.be\/wp-content\/uploads\/2022\/09\/WhatsApp-Image-2022-09-07-at-9.06.40-AM-2-300x218.jpeg 300w, https:\/\/chiropraxiehalle.be\/wp-content\/uploads\/2022\/09\/WhatsApp-Image-2022-09-07-at-9.06.40-AM-2-768x557.jpeg 768w\" sizes=\"auto, (max-width: 828px) 100vw, 828px\" \/><\/figure><div class=\"wp-block-media-text__content\">\n<p><\/p>\n\n\n\n<ul class=\"wp-block-list\">\n<li class=\"has-medium-font-size\">Esther Vandenberghe<\/li>\n\n\n\n<li class=\"has-medium-font-size\"><span class=\"has-inline-color has-very-dark-gray-color\">Dipl\u00f4m\u00e9 de<\/span> <a href=\"https:\/\/www.aecc.ac.uk\/\" target=\"_blank\" rel=\"noreferrer noopener\">Anglo-European College of Chiropratic<\/a><\/li>\n\n\n\n<li class=\"has-medium-font-size\"><span class=\"has-inline-color has-very-dark-gray-color\">Membre de<\/span> <a href=\"https:\/\/www.chiropraxie.org\/fr\/bienvenue\/\" target=\"_blank\" rel=\"noreferrer noopener\">l'Union Belge des Chiropracteurs<\/a><\/li>\n<\/ul>\n\n\n\n<p><\/p>\n<\/div><\/div>\n\n\n\n<p class=\"has-black-color has-text-color has-link-color has-medium-font-size wp-elements-1a6b551a6436d22233e6c3773f7061eb\"><span style=\"color:#03090b\" class=\"has-inline-color\">Pour pratiquer comme chiropracteur en Belgique il est oblig\u00e9 de s'affilier \u00e0 l'association et de rencontrer des conditions strictes qui comprennet des formations annuelles<\/span>.<\/p>\n\n\n\n<p><\/p>","protected":false},"excerpt":{"rendered":"<p>De opleiding tot chiropractor omvat een vijfjarige universitaire studie die in Amerika en enkele universiteiten in Europa kan gevolgd worden. Om als chiropractor in Belgi\u00eb te werken is het verplicht om zich aan te sluiten bij de vereniging en te voldoen aan strikte voorwaarden waaronder jaarlijkse bijscholing valt.<\/p>","protected":false},"author":1,"featured_media":0,"parent":0,"menu_order":0,"comment_status":"closed","ping_status":"closed","template":"","meta":{"footnotes":""},"class_list":["post-21","page","type-page","status-publish","hentry"],"_links":{"self":[{"href":"https:\/\/chiropraxiehalle.be\/fr\/wp-json\/wp\/v2\/pages\/21","targetHints":{"allow":["GET"]}}],"collection":[{"href":"https:\/\/chiropraxiehalle.be\/fr\/wp-json\/wp\/v2\/pages"}],"about":[{"href":"https:\/\/chiropraxiehalle.be\/fr\/wp-json\/wp\/v2\/types\/page"}],"author":[{"embeddable":true,"href":"https:\/\/chiropraxiehalle.be\/fr\/wp-json\/wp\/v2\/users\/1"}],"replies":[{"embeddable":true,"href":"https:\/\/chiropraxiehalle.be\/fr\/wp-json\/wp\/v2\/comments?post=21"}],"version-history":[{"count":49,"href":"https:\/\/chiropraxiehalle.be\/fr\/wp-json\/wp\/v2\/pages\/21\/revisions"}],"predecessor-version":[{"id":558,"href":"https:\/\/chiropraxiehalle.be\/fr\/wp-json\/wp\/v2\/pages\/21\/revisions\/558"}],"wp:attachment":[{"href":"https:\/\/chiropraxiehalle.be\/fr\/wp-json\/wp\/v2\/media?parent=21"}],"curies":[{"name":"wp","href":"https:\/\/api.w.org\/{rel}","templated":true}]}}