{"id":94,"date":"2019-11-03T18:36:31","date_gmt":"2019-11-03T17:36:31","guid":{"rendered":"http:\/\/chiropraxiehalle.be\/?page_id=94"},"modified":"2025-02-04T10:25:04","modified_gmt":"2025-02-04T09:25:04","slug":"voor-dier","status":"publish","type":"page","link":"https:\/\/chiropraxiehalle.be\/fr\/voor-dier\/","title":{"rendered":"Pour les animaux"},"content":{"rendered":"<p class=\"has-medium-font-size\"><span style=\"color:#090909\" class=\"has-inline-color\">Tout comme les humains, les animaux peuvent souffrir de douleurs au cou et au dos, aux muscles, aux tendons ou aux articulations.<br>Comment savoir si votre animal est \u00e0 l'aise et ne ressent aucune g\u00eane?<br>Les animaux ne peuvent rien dire, mais vous remarquerez peut-\u00eatre des changements dans les mouvements, le comportement ou l'humeur de votre animal. La chiropratique animale vise \u00e0 rendre les animaux plus vitaux et maintenus vitaux.<br><br>En cas de plaintes, vous pouvez penser \u00e0<\/span><\/p>\n\n\n\n<ul class=\"wp-block-list\">\n<li class=\"has-medium-font-size\"><span class=\"has-inline-color has-very-dark-gray-color\">raideur<\/span><\/li>\n\n\n\n<li class=\"has-medium-font-size\"><span class=\"has-inline-color has-very-dark-gray-color\">foul\u00e9e irr\u00e9guli\u00e8re<\/span><\/li>\n\n\n\n<li class=\"has-medium-font-size\"><span class=\"has-inline-color has-very-dark-gray-color\">plaintes de douleur<\/span><\/li>\n<\/ul>\n\n\n\n<div class=\"wp-block-group\"><div class=\"wp-block-group__inner-container is-layout-flow wp-block-group-is-layout-flow\">\n<div class=\"wp-block-group\"><div class=\"wp-block-group__inner-container is-layout-flow wp-block-group-is-layout-flow\">\n<div class=\"wp-block-group\"><div class=\"wp-block-group__inner-container is-layout-flow wp-block-group-is-layout-flow\">\n<figure class=\"wp-block-image size-large is-resized\"><img loading=\"lazy\" decoding=\"async\" width=\"1024\" height=\"551\" src=\"http:\/\/chiropraxiehalle.be\/wp-content\/uploads\/2020\/05\/website-pic-1024x551.png\" alt=\"\" class=\"wp-image-249\" style=\"width:512px;height:276px\" srcset=\"\" sizes=\"auto, (max-width: 1024px) 100vw, 1024px\" data-srcset=\"\" \/><\/figure>\n<\/div><\/div>\n<\/div><\/div>\n<\/div><\/div>\n\n\n\n<p class=\"has-medium-font-size\"><span style=\"color:#130b0b\" class=\"has-inline-color\">La chiropraxie animale est bas\u00e9e sur les principes de la chiropratique humaine, adapt\u00e9s aux besoins particuliers, \u00e0 l'anatomie et \u00e0 la physiologie des animaux.<br>La chiropraxie pr\u00e9vient et corrige les plaintes du syst\u00e8me musculo-squelettique sans injections et \/ ou op\u00e9rations, mais en apportant des corrections subtiles (appel\u00e9es \"ajustements\") aux articulations \/ muscles et au syst\u00e8me nerveux.<br>Il convient \u00e0 tous les animaux de tout \u00e2ge et de tout niveau. <\/span><\/p>","protected":false},"excerpt":{"rendered":"<p>Dieren kunnen net als mensen last krijgen van nek- en rugklachten, klachten aan spieren, pezen of gewrichten.Hoe weet u nu of uw dier goed in zijn vel zit en nergens ongemakken ervaart ?Dieren kunnen niets zeggen, maar misschien merkt u wel veranderingen in de beweging, het gedrag of het humeur van uw dier. Dierenchiropraxie is&hellip; <br \/> <a class=\"read-more\" href=\"https:\/\/chiropraxiehalle.be\/fr\/voor-dier\/\">Lire la suite<\/a><\/p>","protected":false},"author":1,"featured_media":0,"parent":0,"menu_order":0,"comment_status":"closed","ping_status":"closed","template":"","meta":{"footnotes":""},"class_list":["post-94","page","type-page","status-publish","hentry"],"_links":{"self":[{"href":"https:\/\/chiropraxiehalle.be\/fr\/wp-json\/wp\/v2\/pages\/94","targetHints":{"allow":["GET"]}}],"collection":[{"href":"https:\/\/chiropraxiehalle.be\/fr\/wp-json\/wp\/v2\/pages"}],"about":[{"href":"https:\/\/chiropraxiehalle.be\/fr\/wp-json\/wp\/v2\/types\/page"}],"author":[{"embeddable":true,"href":"https:\/\/chiropraxiehalle.be\/fr\/wp-json\/wp\/v2\/users\/1"}],"replies":[{"embeddable":true,"href":"https:\/\/chiropraxiehalle.be\/fr\/wp-json\/wp\/v2\/comments?post=94"}],"version-history":[{"count":20,"href":"https:\/\/chiropraxiehalle.be\/fr\/wp-json\/wp\/v2\/pages\/94\/revisions"}],"predecessor-version":[{"id":487,"href":"https:\/\/chiropraxiehalle.be\/fr\/wp-json\/wp\/v2\/pages\/94\/revisions\/487"}],"wp:attachment":[{"href":"https:\/\/chiropraxiehalle.be\/fr\/wp-json\/wp\/v2\/media?parent=94"}],"curies":[{"name":"wp","href":"https:\/\/api.w.org\/{rel}","templated":true}]}}